{"id":4332,"date":"2024-11-25T16:27:56","date_gmt":"2024-11-25T19:27:56","guid":{"rendered":"https:\/\/puravidahotel.com.br\/home\/?page_id=4332"},"modified":"2024-11-25T17:20:03","modified_gmt":"2024-11-25T20:20:03","slug":"blog","status":"publish","type":"page","link":"https:\/\/puravidahotel.com.br\/en\/blog\/","title":{"rendered":"Blog"},"content":{"rendered":"<div data-elementor-type=\"page\" data-elementor-id=\"4335\" class=\"elementor elementor-4335\" data-elementor-post-type=\"elementor_library\">\n\t\t\t\t<div class=\"elementor-element elementor-element-fe95865 e-flex e-con-boxed e-con e-parent\" data-id=\"fe95865\" data-element_type=\"container\">\n\t\t\t\t\t<div class=\"e-con-inner\">\n\t\t<div class=\"elementor-element elementor-element-4951073 e-con-full e-flex e-con e-child\" data-id=\"4951073\" data-element_type=\"container\" data-settings=\"{&quot;background_background&quot;:&quot;classic&quot;}\">\n\t\t\t\t<div class=\"elementor-element elementor-element-f8ead74 elementor-widget__width-inherit elementor-widget elementor-widget-heading\" data-id=\"f8ead74\" data-element_type=\"widget\" data-widget_type=\"heading.default\">\n\t\t\t\t<div class=\"elementor-widget-container\">\n\t\t\t<h2 class=\"elementor-heading-title elementor-size-default\">Blog<\/h2>\t\t<\/div>\n\t\t\t\t<\/div>\n\t\t\t\t<div class=\"elementor-element elementor-element-c8ddf3f elementor-posts--align-center elementor-widget__width-inherit elementor-grid-3 elementor-grid-tablet-2 elementor-grid-mobile-1 elementor-posts--thumbnail-top elementor-posts__hover-gradient elementor-widget elementor-widget-posts\" data-id=\"c8ddf3f\" data-element_type=\"widget\" data-settings=\"{&quot;cards_columns&quot;:&quot;3&quot;,&quot;cards_columns_tablet&quot;:&quot;2&quot;,&quot;cards_columns_mobile&quot;:&quot;1&quot;,&quot;cards_row_gap&quot;:{&quot;unit&quot;:&quot;px&quot;,&quot;size&quot;:35,&quot;sizes&quot;:[]},&quot;cards_row_gap_tablet&quot;:{&quot;unit&quot;:&quot;px&quot;,&quot;size&quot;:&quot;&quot;,&quot;sizes&quot;:[]},&quot;cards_row_gap_mobile&quot;:{&quot;unit&quot;:&quot;px&quot;,&quot;size&quot;:&quot;&quot;,&quot;sizes&quot;:[]}}\" data-widget_type=\"posts.cards\">\n\t\t\t\t<div class=\"elementor-widget-container\">\n\t\t\t\t\t<div class=\"elementor-posts-container elementor-posts elementor-posts--skin-cards elementor-grid\">\n\t\t\t\t<article class=\"elementor-post elementor-grid-item post-4739 post type-post status-publish format-standard has-post-thumbnail hentry category-sem-categoria\">\n\t\t\t<div class=\"elementor-post__card\">\n\t\t\t\t<a class=\"elementor-post__thumbnail__link\" href=\"https:\/\/puravidahotel.com.br\/en\/hospedagem-sustentavel-na-ilha-do-guajiru-conecte-se-com-a-natureza-no-paraiso-do-kite-surf\/\" ><div class=\"elementor-post__thumbnail\"><img fetchpriority=\"high\" decoding=\"async\" width=\"300\" height=\"200\" src=\"https:\/\/puravidahotel.com.br\/wp-content\/uploads\/2025\/02\/low-angle-shot-person-surfing-flying-parachute-same-time-kitesurfing-300x200.jpg\" class=\"attachment-medium size-medium wp-image-4740\" alt=\"\" srcset=\"https:\/\/puravidahotel.com.br\/wp-content\/uploads\/2025\/02\/low-angle-shot-person-surfing-flying-parachute-same-time-kitesurfing-300x200.jpg 300w, https:\/\/puravidahotel.com.br\/wp-content\/uploads\/2025\/02\/low-angle-shot-person-surfing-flying-parachute-same-time-kitesurfing-1024x683.jpg 1024w, https:\/\/puravidahotel.com.br\/wp-content\/uploads\/2025\/02\/low-angle-shot-person-surfing-flying-parachute-same-time-kitesurfing-768x512.jpg 768w, https:\/\/puravidahotel.com.br\/wp-content\/uploads\/2025\/02\/low-angle-shot-person-surfing-flying-parachute-same-time-kitesurfing-1536x1024.jpg 1536w, https:\/\/puravidahotel.com.br\/wp-content\/uploads\/2025\/02\/low-angle-shot-person-surfing-flying-parachute-same-time-kitesurfing-2048x1365.jpg 2048w, https:\/\/puravidahotel.com.br\/wp-content\/uploads\/2025\/02\/low-angle-shot-person-surfing-flying-parachute-same-time-kitesurfing-18x12.jpg 18w, https:\/\/puravidahotel.com.br\/wp-content\/uploads\/2025\/02\/low-angle-shot-person-surfing-flying-parachute-same-time-kitesurfing-500x333.jpg 500w, https:\/\/puravidahotel.com.br\/wp-content\/uploads\/2025\/02\/low-angle-shot-person-surfing-flying-parachute-same-time-kitesurfing-800x533.jpg 800w, https:\/\/puravidahotel.com.br\/wp-content\/uploads\/2025\/02\/low-angle-shot-person-surfing-flying-parachute-same-time-kitesurfing-1280x853.jpg 1280w, https:\/\/puravidahotel.com.br\/wp-content\/uploads\/2025\/02\/low-angle-shot-person-surfing-flying-parachute-same-time-kitesurfing-1920x1280.jpg 1920w\" sizes=\"(max-width: 300px) 100vw, 300px\" \/><\/div><\/a>\n\t\t\t\t<div class=\"elementor-post__text\">\n\t\t\t\t<h3 class=\"elementor-post__title\">\n\t\t\t<a href=\"https:\/\/puravidahotel.com.br\/en\/hospedagem-sustentavel-na-ilha-do-guajiru-conecte-se-com-a-natureza-no-paraiso-do-kite-surf\/\" >\n\t\t\t\tHospedagem Sustent\u00e1vel na Ilha do Guajir\u00fa: Conecte-se com a Natureza no Para\u00edso do Kite Surf\t\t\t<\/a>\n\t\t<\/h3>\n\t\t\n\t\t<a class=\"elementor-post__read-more\" href=\"https:\/\/puravidahotel.com.br\/en\/hospedagem-sustentavel-na-ilha-do-guajiru-conecte-se-com-a-natureza-no-paraiso-do-kite-surf\/\" aria-label=\"Read more about Hospedagem Sustent\u00e1vel na Ilha do Guajir\u00fa: Conecte-se com a Natureza no Para\u00edso do Kite Surf\" >\n\t\t\tRead more\t\t<\/a>\n\n\t\t\t\t<\/div>\n\t\t\t\t<div class=\"elementor-post__meta-data\">\n\t\t\t\t\t<span class=\"elementor-post-date\">\n\t\t\t5 de February de 2025\t\t<\/span>\n\t\t\t\t<\/div>\n\t\t\t\t\t<\/div>\n\t\t<\/article>\n\t\t\t\t<article class=\"elementor-post elementor-grid-item post-4648 post type-post status-publish format-standard has-post-thumbnail hentry category-sem-categoria\">\n\t\t\t<div class=\"elementor-post__card\">\n\t\t\t\t<a class=\"elementor-post__thumbnail__link\" href=\"https:\/\/puravidahotel.com.br\/en\/pura-vida-o-hotel-natureza-que-une-conforto-sustentabilidade-e-aventura-na-ilha-do-farol-em-itarema\/\" ><div class=\"elementor-post__thumbnail\"><img decoding=\"async\" width=\"225\" height=\"300\" src=\"https:\/\/puravidahotel.com.br\/wp-content\/uploads\/2024\/12\/fa181f3f-5137-4e19-a2e8-3bc85ba912bd-225x300.webp\" class=\"attachment-medium size-medium wp-image-4640\" alt=\"\" srcset=\"https:\/\/puravidahotel.com.br\/wp-content\/uploads\/2024\/12\/fa181f3f-5137-4e19-a2e8-3bc85ba912bd-225x300.webp 225w, https:\/\/puravidahotel.com.br\/wp-content\/uploads\/2024\/12\/fa181f3f-5137-4e19-a2e8-3bc85ba912bd-768x1024.webp 768w, https:\/\/puravidahotel.com.br\/wp-content\/uploads\/2024\/12\/fa181f3f-5137-4e19-a2e8-3bc85ba912bd-1152x1536.webp 1152w, https:\/\/puravidahotel.com.br\/wp-content\/uploads\/2024\/12\/fa181f3f-5137-4e19-a2e8-3bc85ba912bd-500x667.webp 500w, https:\/\/puravidahotel.com.br\/wp-content\/uploads\/2024\/12\/fa181f3f-5137-4e19-a2e8-3bc85ba912bd-800x1067.webp 800w, https:\/\/puravidahotel.com.br\/wp-content\/uploads\/2024\/12\/fa181f3f-5137-4e19-a2e8-3bc85ba912bd.webp 1200w\" sizes=\"(max-width: 225px) 100vw, 225px\" \/><\/div><\/a>\n\t\t\t\t<div class=\"elementor-post__text\">\n\t\t\t\t<h3 class=\"elementor-post__title\">\n\t\t\t<a href=\"https:\/\/puravidahotel.com.br\/en\/pura-vida-o-hotel-natureza-que-une-conforto-sustentabilidade-e-aventura-na-ilha-do-farol-em-itarema\/\" >\n\t\t\t\tPura Vida: The Nature Hotel That Combines Comfort, Sustainability, and Adventure on Ilha do Farol in Itarema\t\t\t<\/a>\n\t\t<\/h3>\n\t\t\n\t\t<a class=\"elementor-post__read-more\" href=\"https:\/\/puravidahotel.com.br\/en\/pura-vida-o-hotel-natureza-que-une-conforto-sustentabilidade-e-aventura-na-ilha-do-farol-em-itarema\/\" aria-label=\"Read more about Pura Vida: O Hotel Natureza que Une Conforto, Sustentabilidade e Aventura na Ilha do Farol em Itarema\" >\n\t\t\tRead more\t\t<\/a>\n\n\t\t\t\t<\/div>\n\t\t\t\t<div class=\"elementor-post__meta-data\">\n\t\t\t\t\t<span class=\"elementor-post-date\">\n\t\t\t4 de December de 2024\t\t<\/span>\n\t\t\t\t<\/div>\n\t\t\t\t\t<\/div>\n\t\t<\/article>\n\t\t\t\t<article class=\"elementor-post elementor-grid-item post-4639 post type-post status-publish format-standard has-post-thumbnail hentry category-sem-categoria\">\n\t\t\t<div class=\"elementor-post__card\">\n\t\t\t\t<a class=\"elementor-post__thumbnail__link\" href=\"https:\/\/puravidahotel.com.br\/en\/descubra-o-pura-vida-hotel-novo-refugio-na-ilha-do-farol-em-itarema-com-retiros-intimistas-e-personalizados-em-meio-a-natureza\/\" ><div class=\"elementor-post__thumbnail\"><img decoding=\"async\" width=\"240\" height=\"300\" src=\"https:\/\/puravidahotel.com.br\/wp-content\/uploads\/2024\/12\/2N6A4342-240x300.webp\" class=\"attachment-medium size-medium wp-image-4641\" alt=\"\" srcset=\"https:\/\/puravidahotel.com.br\/wp-content\/uploads\/2024\/12\/2N6A4342-240x300.webp 240w, https:\/\/puravidahotel.com.br\/wp-content\/uploads\/2024\/12\/2N6A4342-819x1024.webp 819w, https:\/\/puravidahotel.com.br\/wp-content\/uploads\/2024\/12\/2N6A4342-768x960.webp 768w, https:\/\/puravidahotel.com.br\/wp-content\/uploads\/2024\/12\/2N6A4342-1229x1536.webp 1229w, https:\/\/puravidahotel.com.br\/wp-content\/uploads\/2024\/12\/2N6A4342-1638x2048.webp 1638w, https:\/\/puravidahotel.com.br\/wp-content\/uploads\/2024\/12\/2N6A4342-500x625.webp 500w, https:\/\/puravidahotel.com.br\/wp-content\/uploads\/2024\/12\/2N6A4342-800x1000.webp 800w, https:\/\/puravidahotel.com.br\/wp-content\/uploads\/2024\/12\/2N6A4342-1280x1600.webp 1280w, https:\/\/puravidahotel.com.br\/wp-content\/uploads\/2024\/12\/2N6A4342-1920x2400.webp 1920w, https:\/\/puravidahotel.com.br\/wp-content\/uploads\/2024\/12\/2N6A4342.webp 2000w\" sizes=\"(max-width: 240px) 100vw, 240px\" \/><\/div><\/a>\n\t\t\t\t<div class=\"elementor-post__text\">\n\t\t\t\t<h3 class=\"elementor-post__title\">\n\t\t\t<a href=\"https:\/\/puravidahotel.com.br\/en\/descubra-o-pura-vida-hotel-novo-refugio-na-ilha-do-farol-em-itarema-com-retiros-intimistas-e-personalizados-em-meio-a-natureza\/\" >\n\t\t\t\tDiscover Pura Vida Hotel: A New Retreat on Ilha do Farol in Itarema, Offering Intimate and Personalized Experiences in Nature\t\t\t<\/a>\n\t\t<\/h3>\n\t\t\n\t\t<a class=\"elementor-post__read-more\" href=\"https:\/\/puravidahotel.com.br\/en\/descubra-o-pura-vida-hotel-novo-refugio-na-ilha-do-farol-em-itarema-com-retiros-intimistas-e-personalizados-em-meio-a-natureza\/\" aria-label=\"Read more about Descubra o Pura Vida hotel: Novo Ref\u00fagio na Ilha do Farol em Itarema, com Retiros Intimistas e Personalizados em Meio \u00e0 Natureza\" >\n\t\t\tRead more\t\t<\/a>\n\n\t\t\t\t<\/div>\n\t\t\t\t<div class=\"elementor-post__meta-data\">\n\t\t\t\t\t<span class=\"elementor-post-date\">\n\t\t\t4 de December de 2024\t\t<\/span>\n\t\t\t\t<\/div>\n\t\t\t\t\t<\/div>\n\t\t<\/article>\n\t\t\t\t<\/div>\n\t\t\n\t\t\t\t<\/div>\n\t\t\t\t<\/div>\n\t\t\t\t<\/div>\n\t\t\t\t\t<\/div>\n\t\t\t\t<\/div>\n\t\t\t\t<\/div>\n\t\t\n\n\n\n<p><\/p>","protected":false},"excerpt":{"rendered":"","protected":false},"author":1,"featured_media":4411,"parent":0,"menu_order":0,"comment_status":"closed","ping_status":"closed","template":"","meta":{"_vp_format_video_url":"","_vp_image_focal_point":[],"footnotes":""},"class_list":["post-4332","page","type-page","status-publish","has-post-thumbnail","hentry"],"_links":{"self":[{"href":"https:\/\/puravidahotel.com.br\/en\/wp-json\/wp\/v2\/pages\/4332","targetHints":{"allow":["GET"]}}],"collection":[{"href":"https:\/\/puravidahotel.com.br\/en\/wp-json\/wp\/v2\/pages"}],"about":[{"href":"https:\/\/puravidahotel.com.br\/en\/wp-json\/wp\/v2\/types\/page"}],"author":[{"embeddable":true,"href":"https:\/\/puravidahotel.com.br\/en\/wp-json\/wp\/v2\/users\/1"}],"replies":[{"embeddable":true,"href":"https:\/\/puravidahotel.com.br\/en\/wp-json\/wp\/v2\/comments?post=4332"}],"version-history":[{"count":2,"href":"https:\/\/puravidahotel.com.br\/en\/wp-json\/wp\/v2\/pages\/4332\/revisions"}],"predecessor-version":[{"id":4337,"href":"https:\/\/puravidahotel.com.br\/en\/wp-json\/wp\/v2\/pages\/4332\/revisions\/4337"}],"wp:featuredmedia":[{"embeddable":true,"href":"https:\/\/puravidahotel.com.br\/en\/wp-json\/wp\/v2\/media\/4411"}],"wp:attachment":[{"href":"https:\/\/puravidahotel.com.br\/en\/wp-json\/wp\/v2\/media?parent=4332"}],"curies":[{"name":"wp","href":"https:\/\/api.w.org\/{rel}","templated":true}]}}